{"id":1248,"date":"2025-09-08T14:23:14","date_gmt":"2025-09-08T12:23:14","guid":{"rendered":"https:\/\/www.physio-reisecker.at\/?page_id=1248"},"modified":"2025-09-08T15:51:56","modified_gmt":"2025-09-08T13:51:56","slug":"impressum","status":"publish","type":"page","link":"https:\/\/www.physio-reisecker.at\/?page_id=1248","title":{"rendered":"Impressum"},"content":{"rendered":"\t\t<div data-elementor-type=\"wp-page\" data-elementor-id=\"1248\" class=\"elementor elementor-1248\" data-elementor-post-type=\"page\">\n\t\t\t\t\t\t<section class=\"elementor-section elementor-top-section elementor-element elementor-element-cd262f5 elementor-section-boxed elementor-section-height-default elementor-section-height-default\" data-id=\"cd262f5\" data-element_type=\"section\" data-e-type=\"section\">\n\t\t\t\t\t\t<div class=\"elementor-container elementor-column-gap-default\">\n\t\t\t\t\t<div class=\"elementor-column elementor-col-100 elementor-top-column elementor-element elementor-element-8b032ff\" data-id=\"8b032ff\" data-element_type=\"column\" data-e-type=\"column\">\n\t\t\t<div class=\"elementor-widget-wrap\">\n\t\t\t\t\t\t\t<\/div>\n\t\t<\/div>\n\t\t\t\t\t<\/div>\n\t\t<\/section>\n\t\t\t\t<section class=\"elementor-section elementor-top-section elementor-element elementor-element-4621ffd elementor-section-boxed elementor-section-height-default elementor-section-height-default\" data-id=\"4621ffd\" data-element_type=\"section\" data-e-type=\"section\">\n\t\t\t\t\t\t<div class=\"elementor-container elementor-column-gap-default\">\n\t\t\t\t\t<div class=\"elementor-column elementor-col-100 elementor-top-column elementor-element elementor-element-6eb9fa8\" data-id=\"6eb9fa8\" data-element_type=\"column\" data-e-type=\"column\">\n\t\t\t<div class=\"elementor-widget-wrap elementor-element-populated\">\n\t\t\t\t\t\t<div class=\"elementor-element elementor-element-55c23fb elementor-widget elementor-widget-heading\" data-id=\"55c23fb\" data-element_type=\"widget\" data-e-type=\"widget\" data-widget_type=\"heading.default\">\n\t\t\t\t<div class=\"elementor-widget-container\">\n\t\t\t\t\t<h2 class=\"elementor-heading-title elementor-size-default\">Impressum<\/h2>\t\t\t\t<\/div>\n\t\t\t\t<\/div>\n\t\t\t\t\t<\/div>\n\t\t<\/div>\n\t\t\t\t\t<\/div>\n\t\t<\/section>\n\t\t\t\t<section class=\"elementor-section elementor-top-section elementor-element elementor-element-b13e68b elementor-section-boxed elementor-section-height-default elementor-section-height-default\" data-id=\"b13e68b\" data-element_type=\"section\" data-e-type=\"section\">\n\t\t\t\t\t\t<div class=\"elementor-container elementor-column-gap-default\">\n\t\t\t\t\t<div class=\"elementor-column elementor-col-100 elementor-top-column elementor-element elementor-element-81303d5\" data-id=\"81303d5\" data-element_type=\"column\" data-e-type=\"column\">\n\t\t\t<div class=\"elementor-widget-wrap elementor-element-populated\">\n\t\t\t\t\t\t<div class=\"elementor-element elementor-element-6f581a7 elementor-widget elementor-widget-text-editor\" data-id=\"6f581a7\" data-element_type=\"widget\" data-e-type=\"widget\" data-widget_type=\"text-editor.default\">\n\t\t\t\t<div class=\"elementor-widget-container\">\n\t\t\t\t\t\t\t\t\t<p>gem\u00e4\u00df \u00a7 5 E-Commerce-Gesetz, \u00a7 14 UGB und \u00a7 24 Mediengesetz<\/p>\t\t\t\t\t\t\t\t<\/div>\n\t\t\t\t<\/div>\n\t\t\t\t\t<\/div>\n\t\t<\/div>\n\t\t\t\t\t<\/div>\n\t\t<\/section>\n\t\t\t\t<section class=\"elementor-section elementor-top-section elementor-element elementor-element-7c89068 elementor-section-boxed elementor-section-height-default elementor-section-height-default\" data-id=\"7c89068\" data-element_type=\"section\" data-e-type=\"section\">\n\t\t\t\t\t\t<div class=\"elementor-container elementor-column-gap-default\">\n\t\t\t\t\t<div class=\"elementor-column elementor-col-100 elementor-top-column elementor-element elementor-element-7cb5d16\" data-id=\"7cb5d16\" data-element_type=\"column\" data-e-type=\"column\">\n\t\t\t<div class=\"elementor-widget-wrap elementor-element-populated\">\n\t\t\t\t\t\t<div class=\"elementor-element elementor-element-dea7917 elementor-widget elementor-widget-text-editor\" data-id=\"dea7917\" data-element_type=\"widget\" data-e-type=\"widget\" data-widget_type=\"text-editor.default\">\n\t\t\t\t<div class=\"elementor-widget-container\">\n\t\t\t\t\t\t\t\t\t<p data-start=\"397\" data-end=\"488\"><strong data-start=\"397\" data-end=\"420\">Websitebetreiberin:<\/strong><br data-start=\"420\" data-end=\"423\" \/>Maria Reisecker<br data-start=\"438\" data-end=\"441\" \/>Physiotherapeutin<br data-start=\"458\" data-end=\"461\" \/>Osteopathie in Ausbildung<\/p><p data-start=\"490\" data-end=\"534\"><strong data-start=\"490\" data-end=\"505\">Rechtsform:<\/strong><br data-start=\"505\" data-end=\"508\" \/>Freiberufliche T\u00e4tigkeit<\/p><p data-start=\"536\" data-end=\"606\"><strong data-start=\"536\" data-end=\"558\">Berufsbezeichnung:<\/strong><br data-start=\"558\" data-end=\"561\" \/>Physiotherapeutin (verliehen in \u00d6sterreich)<\/p><p data-start=\"608\" data-end=\"669\"><strong data-start=\"608\" data-end=\"625\">Mitglied bei:<\/strong><br data-start=\"625\" data-end=\"628\" \/>Zust\u00e4ndige Berufskammer laut MTD-Gesetz<\/p><p data-start=\"671\" data-end=\"734\"><strong data-start=\"671\" data-end=\"692\">Aufsichtsbeh\u00f6rde:<\/strong><br data-start=\"692\" data-end=\"695\" \/>Bezirkshauptmannschaft Braunau am Inn<\/p><p data-start=\"736\" data-end=\"869\"><strong data-start=\"736\" data-end=\"770\">Berufsrechtliche Vorschriften:<\/strong><br data-start=\"770\" data-end=\"773\" \/>MTD-Gesetz (BGBl. Nr. 460\/1992), abrufbar unter <a class=\"decorated-link cursor-pointer\" target=\"_new\" rel=\"noopener\" data-start=\"821\" data-end=\"867\">www.ris.bka.gv.at<\/a><\/p><p data-start=\"871\" data-end=\"946\"><strong data-start=\"871\" data-end=\"898\">Unternehmensgegenstand:<\/strong><br data-start=\"898\" data-end=\"901\" \/>Erbringung physiotherapeutischer Leistungen<\/p><p data-start=\"948\" data-end=\"1007\"><strong data-start=\"948\" data-end=\"960\">Adresse:<\/strong><br data-start=\"960\" data-end=\"963\" \/>Bruckwies 6<br data-start=\"974\" data-end=\"977\" \/>A-5273 Rossbach<br data-start=\"992\" data-end=\"995\" \/>\u00d6sterreich<\/p><p data-start=\"1009\" data-end=\"1200\"><strong data-start=\"1009\" data-end=\"1021\">Kontakt:<\/strong><br data-start=\"1021\" data-end=\"1024\" \/>Telefon: +43 660 8808844<br data-start=\"1048\" data-end=\"1051\" \/>E-Mail: <a class=\"decorated-link cursor-pointer\" rel=\"noopener\" data-start=\"1059\" data-end=\"1120\">maria@physio-reisecker.at<\/a><br data-start=\"1120\" data-end=\"1123\" \/>Website: <a class=\"decorated-link\" href=\"https:\/\/www.physio-reisecker.at\/\" target=\"_new\" rel=\"noopener\" data-start=\"1132\" data-end=\"1198\">https:\/\/www.physio-reisecker.at<\/a><\/p><p data-start=\"1202\" data-end=\"1622\"><strong data-start=\"1202\" data-end=\"1225\">Haftungsausschluss:<\/strong><br data-start=\"1225\" data-end=\"1228\" \/>Die Inhalte dieser Website wurden mit gr\u00f6\u00dfter Sorgfalt erstellt. F\u00fcr die Richtigkeit, Vollst\u00e4ndigkeit und Aktualit\u00e4t der Inhalte kann jedoch keine Gew\u00e4hr \u00fcbernommen werden. Als Diensteanbieterin bin ich gem\u00e4\u00df \u00a7 17 ECG f\u00fcr eigene Inhalte auf diesen Seiten nach den allgemeinen Gesetzen verantwortlich. F\u00fcr Inhalte verlinkter Seiten ist stets der jeweilige Anbieter oder Betreiber verantwortlich.<\/p><p data-start=\"1624\" data-end=\"1829\"><strong data-start=\"1624\" data-end=\"1641\">Urheberrecht:<\/strong><br data-start=\"1641\" data-end=\"1644\" \/>Alle Inhalte dieser Website (Texte, Bilder, Grafiken) unterliegen dem Urheberrecht. Eine Verwendung oder Vervielf\u00e4ltigung ist ohne ausdr\u00fcckliche schriftliche Zustimmung nicht gestattet.<\/p><p data-start=\"1831\" data-end=\"2027\"><strong data-start=\"1831\" data-end=\"1870\">Webdesign und technische Umsetzung:<\/strong><br data-start=\"1870\" data-end=\"1873\" \/>Diese Website wurde mit WordPress erstellt.<\/p>\t\t\t\t\t\t\t\t<\/div>\n\t\t\t\t<\/div>\n\t\t\t\t\t<\/div>\n\t\t<\/div>\n\t\t\t\t\t<\/div>\n\t\t<\/section>\n\t\t\t\t<\/div>\n\t\t","protected":false},"excerpt":{"rendered":"<p>Impressum gem\u00e4\u00df \u00a7 5 E-Commerce-Gesetz, \u00a7 14 UGB und \u00a7 24 Mediengesetz Websitebetreiberin:Maria ReiseckerPhysiotherapeutinOsteopathie in Ausbildung Rechtsform:Freiberufliche T\u00e4tigkeit Berufsbezeichnung:Physiotherapeutin (verliehen in \u00d6sterreich) Mitglied bei:Zust\u00e4ndige Berufskammer laut MTD-Gesetz Aufsichtsbeh\u00f6rde:Bezirkshauptmannschaft Braunau am Inn Berufsrechtliche Vorschriften:MTD-Gesetz (BGBl. Nr. 460\/1992), abrufbar unter www.ris.bka.gv.at Unternehmensgegenstand:Erbringung physiotherapeutischer Leistungen Adresse:Bruckwies 6A-5273 Rossbach\u00d6sterreich Kontakt:Telefon: +43 660 8808844E-Mail: maria@physio-reisecker.atWebsite: https:\/\/www.physio-reisecker.at Haftungsausschluss:Die Inhalte dieser Website [&hellip;]<\/p>\n","protected":false},"author":1,"featured_media":0,"parent":0,"menu_order":0,"comment_status":"closed","ping_status":"closed","template":"","meta":{"footnotes":""},"class_list":["post-1248","page","type-page","status-publish","hentry"],"_links":{"self":[{"href":"https:\/\/www.physio-reisecker.at\/index.php?rest_route=\/wp\/v2\/pages\/1248","targetHints":{"allow":["GET"]}}],"collection":[{"href":"https:\/\/www.physio-reisecker.at\/index.php?rest_route=\/wp\/v2\/pages"}],"about":[{"href":"https:\/\/www.physio-reisecker.at\/index.php?rest_route=\/wp\/v2\/types\/page"}],"author":[{"embeddable":true,"href":"https:\/\/www.physio-reisecker.at\/index.php?rest_route=\/wp\/v2\/users\/1"}],"replies":[{"embeddable":true,"href":"https:\/\/www.physio-reisecker.at\/index.php?rest_route=%2Fwp%2Fv2%2Fcomments&post=1248"}],"version-history":[{"count":7,"href":"https:\/\/www.physio-reisecker.at\/index.php?rest_route=\/wp\/v2\/pages\/1248\/revisions"}],"predecessor-version":[{"id":1291,"href":"https:\/\/www.physio-reisecker.at\/index.php?rest_route=\/wp\/v2\/pages\/1248\/revisions\/1291"}],"wp:attachment":[{"href":"https:\/\/www.physio-reisecker.at\/index.php?rest_route=%2Fwp%2Fv2%2Fmedia&parent=1248"}],"curies":[{"name":"wp","href":"https:\/\/api.w.org\/{rel}","templated":true}]}}