{"id":1253,"date":"2025-09-08T14:32:46","date_gmt":"2025-09-08T12:32:46","guid":{"rendered":"https:\/\/www.physio-reisecker.at\/?page_id=1253"},"modified":"2025-09-08T14:59:51","modified_gmt":"2025-09-08T12:59:51","slug":"elementor-seite-1253","status":"publish","type":"page","link":"https:\/\/www.physio-reisecker.at\/?page_id=1253","title":{"rendered":"Datenschutz"},"content":{"rendered":"\t\t<div data-elementor-type=\"wp-page\" data-elementor-id=\"1253\" class=\"elementor elementor-1253\" data-elementor-post-type=\"page\">\n\t\t\t\t\t\t<section class=\"elementor-section elementor-top-section elementor-element elementor-element-f6fd824 elementor-section-boxed elementor-section-height-default elementor-section-height-default\" data-id=\"f6fd824\" data-element_type=\"section\" data-e-type=\"section\">\n\t\t\t\t\t\t<div class=\"elementor-container elementor-column-gap-default\">\n\t\t\t\t\t<div class=\"elementor-column elementor-col-100 elementor-top-column elementor-element elementor-element-f166b7a\" data-id=\"f166b7a\" data-element_type=\"column\" data-e-type=\"column\">\n\t\t\t<div class=\"elementor-widget-wrap\">\n\t\t\t\t\t\t\t<\/div>\n\t\t<\/div>\n\t\t\t\t\t<\/div>\n\t\t<\/section>\n\t\t\t\t<section class=\"elementor-section elementor-top-section elementor-element elementor-element-e6eedac elementor-section-boxed elementor-section-height-default elementor-section-height-default\" data-id=\"e6eedac\" data-element_type=\"section\" data-e-type=\"section\">\n\t\t\t\t\t\t<div class=\"elementor-container elementor-column-gap-default\">\n\t\t\t\t\t<div class=\"elementor-column elementor-col-100 elementor-top-column elementor-element elementor-element-f998a45\" data-id=\"f998a45\" data-element_type=\"column\" data-e-type=\"column\">\n\t\t\t<div class=\"elementor-widget-wrap elementor-element-populated\">\n\t\t\t\t\t\t<div class=\"elementor-element elementor-element-7d4fef1 elementor-widget elementor-widget-heading\" data-id=\"7d4fef1\" data-element_type=\"widget\" data-e-type=\"widget\" data-widget_type=\"heading.default\">\n\t\t\t\t<div class=\"elementor-widget-container\">\n\t\t\t\t\t<h2 class=\"elementor-heading-title elementor-size-default\">Datenschutzerkl\u00e4rung<\/h2>\t\t\t\t<\/div>\n\t\t\t\t<\/div>\n\t\t\t\t\t<\/div>\n\t\t<\/div>\n\t\t\t\t\t<\/div>\n\t\t<\/section>\n\t\t\t\t<section class=\"elementor-section elementor-top-section elementor-element elementor-element-5697434 elementor-section-boxed elementor-section-height-default elementor-section-height-default\" data-id=\"5697434\" data-element_type=\"section\" data-e-type=\"section\">\n\t\t\t\t\t\t<div class=\"elementor-container elementor-column-gap-default\">\n\t\t\t\t\t<div class=\"elementor-column elementor-col-100 elementor-top-column elementor-element elementor-element-e6ad92a\" data-id=\"e6ad92a\" data-element_type=\"column\" data-e-type=\"column\">\n\t\t\t<div class=\"elementor-widget-wrap elementor-element-populated\">\n\t\t\t\t\t\t<div class=\"elementor-element elementor-element-815630e elementor-widget elementor-widget-text-editor\" data-id=\"815630e\" data-element_type=\"widget\" data-e-type=\"widget\" data-widget_type=\"text-editor.default\">\n\t\t\t\t<div class=\"elementor-widget-container\">\n\t\t\t\t\t\t\t\t\t<p data-start=\"430\" data-end=\"735\">Der Schutz Ihrer pers\u00f6nlichen Daten ist mir ein besonderes Anliegen. Ich verarbeite Ihre Daten daher ausschlie\u00dflich auf Grundlage der gesetzlichen Bestimmungen (DSGVO, TKG 2021). In dieser Datenschutzerkl\u00e4rung informiere ich Sie \u00fcber die wichtigsten Aspekte der Datenverarbeitung im Rahmen meiner Website.<\/p>\t\t\t\t\t\t\t\t<\/div>\n\t\t\t\t<\/div>\n\t\t\t\t\t<\/div>\n\t\t<\/div>\n\t\t\t\t\t<\/div>\n\t\t<\/section>\n\t\t\t\t<section class=\"elementor-section elementor-top-section elementor-element elementor-element-5bcf98d elementor-section-boxed elementor-section-height-default elementor-section-height-default\" data-id=\"5bcf98d\" data-element_type=\"section\" data-e-type=\"section\">\n\t\t\t\t\t\t<div class=\"elementor-container elementor-column-gap-default\">\n\t\t\t\t\t<div class=\"elementor-column elementor-col-100 elementor-top-column elementor-element elementor-element-806cce8\" data-id=\"806cce8\" data-element_type=\"column\" data-e-type=\"column\">\n\t\t\t<div class=\"elementor-widget-wrap elementor-element-populated\">\n\t\t\t\t\t\t<div class=\"elementor-element elementor-element-df23b1a elementor-widget elementor-widget-text-editor\" data-id=\"df23b1a\" data-element_type=\"widget\" data-e-type=\"widget\" data-widget_type=\"text-editor.default\">\n\t\t\t\t<div class=\"elementor-widget-container\">\n\t\t\t\t\t\t\t\t\t<h3 data-start=\"737\" data-end=\"756\">Kontakt mit mir<\/h3><p data-start=\"758\" data-end=\"998\">Wenn Sie per E-Mail oder telefonisch Kontakt mit mir aufnehmen, werden Ihre angegebenen Daten zwecks Bearbeitung der Anfrage und f\u00fcr den Fall von Anschlussfragen bei mir gespeichert. Diese Daten gebe ich nicht ohne Ihre Einwilligung weiter.<\/p><h3 data-start=\"1000\" data-end=\"1019\">Server-Logfiles<\/h3><p data-start=\"1021\" data-end=\"1195\">Der Hosting-Provider dieser Website erhebt und speichert automatisch Informationen in sogenannten Server-Logfiles, die Ihr Browser automatisch an mich \u00fcbermittelt. Dies sind:<\/p><ul data-start=\"1197\" data-end=\"1348\"><li data-start=\"1197\" data-end=\"1209\"><p data-start=\"1199\" data-end=\"1209\">IP-Adresse<\/p><\/li><li data-start=\"1210\" data-end=\"1247\"><p data-start=\"1212\" data-end=\"1247\">Datum und Uhrzeit der Serveranfrage<\/p><\/li><li data-start=\"1248\" data-end=\"1279\"><p data-start=\"1250\" data-end=\"1279\">Browsertyp und Browserversion<\/p><\/li><li data-start=\"1280\" data-end=\"1296\"><p data-start=\"1282\" data-end=\"1296\">Betriebssystem<\/p><\/li><li data-start=\"1297\" data-end=\"1311\"><p data-start=\"1299\" data-end=\"1311\">Referrer-URL<\/p><\/li><li data-start=\"1312\" data-end=\"1348\"><p data-start=\"1314\" data-end=\"1348\">Hostname des zugreifenden Rechners<\/p><\/li><\/ul><p data-start=\"1350\" data-end=\"1623\">Diese Daten sind nicht bestimmten Personen zuordenbar. Eine Zusammenf\u00fchrung dieser Daten mit anderen Datenquellen wird nicht vorgenommen. Ich behalte mir vor, diese Daten nachtr\u00e4glich zu pr\u00fcfen, wenn mir konkrete Anhaltspunkte f\u00fcr eine rechtswidrige Nutzung bekannt werden.<\/p><h3 data-start=\"1625\" data-end=\"1636\">Cookies<\/h3><p data-start=\"1638\" data-end=\"1820\">Diese Website verwendet sogenannte Cookies. Dabei handelt es sich um kleine Textdateien, die mit Hilfe des Browsers auf Ihrem Endger\u00e4t abgelegt werden. Sie richten keinen Schaden an.<\/p><p data-start=\"1822\" data-end=\"2052\">Ich nutze Cookies dazu, mein Angebot nutzerfreundlich zu gestalten. Einige Cookies bleiben auf Ihrem Endger\u00e4t gespeichert, bis Sie diese l\u00f6schen. Sie erm\u00f6glichen es der Website, Ihren Browser beim n\u00e4chsten Besuch wiederzuerkennen.<\/p><p data-start=\"2054\" data-end=\"2215\">Wenn Sie dies nicht w\u00fcnschen, k\u00f6nnen Sie Ihren Browser so einrichten, dass er Sie \u00fcber das Setzen von Cookies informiert und Sie dies nur im Einzelfall erlauben.<\/p><p data-start=\"2217\" data-end=\"2309\">Bei der Deaktivierung von Cookies kann die Funktionalit\u00e4t meiner Website eingeschr\u00e4nkt sein.<\/p><h3 data-start=\"2311\" data-end=\"2326\">Web-Analyse<\/h3><p data-start=\"2328\" data-end=\"2491\">Diese Website verwendet <strong data-start=\"2352\" data-end=\"2361\">keine<\/strong> Web-Analyse-Tools (wie z.\u202fB. Google Analytics). Es werden keine personenbezogenen Nutzungsdaten zu statistischen Zwecken erhoben.<\/p><h3 data-start=\"2493\" data-end=\"2508\">Ihre Rechte<\/h3><p data-start=\"2510\" data-end=\"2556\">Ihnen stehen grunds\u00e4tzlich folgende Rechte zu:<\/p><ul data-start=\"2558\" data-end=\"2938\"><li data-start=\"2558\" data-end=\"2594\"><p data-start=\"2560\" data-end=\"2594\">Recht auf Auskunft (Art. 15 DSGVO)<\/p><\/li><li data-start=\"2595\" data-end=\"2635\"><p data-start=\"2597\" data-end=\"2635\">Recht auf Berichtigung (Art. 16 DSGVO)<\/p><\/li><li data-start=\"2636\" data-end=\"2701\"><p data-start=\"2638\" data-end=\"2701\">Recht auf L\u00f6schung (\u201eRecht auf Vergessenwerden\u201c, Art. 17 DSGVO)<\/p><\/li><li data-start=\"2702\" data-end=\"2760\"><p data-start=\"2704\" data-end=\"2760\">Recht auf Einschr\u00e4nkung der Verarbeitung (Art. 18 DSGVO)<\/p><\/li><li data-start=\"2761\" data-end=\"2809\"><p data-start=\"2763\" data-end=\"2809\">Recht auf Daten\u00fcbertragbarkeit (Art. 20 DSGVO)<\/p><\/li><li data-start=\"2810\" data-end=\"2872\"><p data-start=\"2812\" data-end=\"2872\">Recht auf Widerspruch gegen die Verarbeitung (Art. 21 DSGVO)<\/p><\/li><li data-start=\"2873\" data-end=\"2938\"><p data-start=\"2875\" data-end=\"2938\">Recht auf Beschwerde bei der Datenschutzbeh\u00f6rde (<a class=\"decorated-link cursor-pointer\" target=\"_new\" rel=\"noopener\" data-start=\"2924\" data-end=\"2937\">www.dsb.gv.at<\/a>)<\/p><\/li><\/ul><p data-start=\"2940\" data-end=\"3213\">Wenn Sie glauben, dass die Verarbeitung Ihrer Daten gegen das Datenschutzrecht verst\u00f6\u00dft oder Ihre datenschutzrechtlichen Anspr\u00fcche sonst in einer Weise verletzt worden sind, k\u00f6nnen Sie sich bei der Aufsichtsbeh\u00f6rde beschweren. In \u00d6sterreich ist dies die Datenschutzbeh\u00f6rde.<\/p><h3 data-start=\"3215\" data-end=\"3251\">Kontakt f\u00fcr Datenschutz-Anfragen<\/h3><p data-start=\"3253\" data-end=\"3376\">Maria Reisecker<br data-start=\"3268\" data-end=\"3271\" \/>Bruckwies 6<br data-start=\"3282\" data-end=\"3285\" \/>A-5273 Rossbach<br data-start=\"3300\" data-end=\"3303\" \/>\u00d6sterreich<br data-start=\"3313\" data-end=\"3316\" \/>Telefon: +43 660 8808844<br data-start=\"3340\" data-end=\"3343\" \/>E-Mail: <a class=\"decorated-link cursor-pointer\" rel=\"noopener\" data-start=\"3351\" data-end=\"3376\">maria@physio-reisecker.at<\/a><\/p><hr data-start=\"3378\" data-end=\"3381\" \/><h3 data-start=\"3383\" data-end=\"3418\">Hinweis zur SSL-Verschl\u00fcsselung<\/h3><p data-start=\"3420\" data-end=\"3715\">Diese Website nutzt aus Sicherheitsgr\u00fcnden und zum Schutz der \u00dcbertragung vertraulicher Inhalte eine SSL-Verschl\u00fcsselung. Eine verschl\u00fcsselte Verbindung erkennen Sie daran, dass die Adresszeile des Browsers von \u201ehttp:\/\/\u201c auf \u201ehttps:\/\/\u201c wechselt und an einem Schloss-Symbol in Ihrer Browserzeile.<\/p>\t\t\t\t\t\t\t\t<\/div>\n\t\t\t\t<\/div>\n\t\t\t\t\t<\/div>\n\t\t<\/div>\n\t\t\t\t\t<\/div>\n\t\t<\/section>\n\t\t\t\t<\/div>\n\t\t","protected":false},"excerpt":{"rendered":"<p>Datenschutzerkl\u00e4rung Der Schutz Ihrer pers\u00f6nlichen Daten ist mir ein besonderes Anliegen. Ich verarbeite Ihre Daten daher ausschlie\u00dflich auf Grundlage der gesetzlichen Bestimmungen (DSGVO, TKG 2021). In dieser Datenschutzerkl\u00e4rung informiere ich Sie \u00fcber die wichtigsten Aspekte der Datenverarbeitung im Rahmen meiner Website. Kontakt mit mir Wenn Sie per E-Mail oder telefonisch Kontakt mit mir aufnehmen, werden [&hellip;]<\/p>\n","protected":false},"author":1,"featured_media":0,"parent":0,"menu_order":0,"comment_status":"closed","ping_status":"closed","template":"","meta":{"footnotes":""},"class_list":["post-1253","page","type-page","status-publish","hentry"],"_links":{"self":[{"href":"https:\/\/www.physio-reisecker.at\/index.php?rest_route=\/wp\/v2\/pages\/1253","targetHints":{"allow":["GET"]}}],"collection":[{"href":"https:\/\/www.physio-reisecker.at\/index.php?rest_route=\/wp\/v2\/pages"}],"about":[{"href":"https:\/\/www.physio-reisecker.at\/index.php?rest_route=\/wp\/v2\/types\/page"}],"author":[{"embeddable":true,"href":"https:\/\/www.physio-reisecker.at\/index.php?rest_route=\/wp\/v2\/users\/1"}],"replies":[{"embeddable":true,"href":"https:\/\/www.physio-reisecker.at\/index.php?rest_route=%2Fwp%2Fv2%2Fcomments&post=1253"}],"version-history":[{"count":5,"href":"https:\/\/www.physio-reisecker.at\/index.php?rest_route=\/wp\/v2\/pages\/1253\/revisions"}],"predecessor-version":[{"id":1265,"href":"https:\/\/www.physio-reisecker.at\/index.php?rest_route=\/wp\/v2\/pages\/1253\/revisions\/1265"}],"wp:attachment":[{"href":"https:\/\/www.physio-reisecker.at\/index.php?rest_route=%2Fwp%2Fv2%2Fmedia&parent=1253"}],"curies":[{"name":"wp","href":"https:\/\/api.w.org\/{rel}","templated":true}]}}